{"id":205,"date":"2017-06-01T16:35:02","date_gmt":"2017-06-01T15:35:02","guid":{"rendered":"https:\/\/www.lamasiademartins.com\/es\/producte\/mix-oranges-and-mandarines\/"},"modified":"2020-11-05T10:51:24","modified_gmt":"2020-11-05T09:51:24","slug":"mix-naranjas-y-mandarinas-15kg","status":"publish","type":"product","link":"https:\/\/www.lamasiademartins.com\/es\/producto\/mix-naranjas-y-mandarinas-15kg\/","title":{"rendered":"Mix naranjas y mandarinas 15kg"},"content":{"rendered":"","protected":false},"excerpt":{"rendered":"<p>Comprar caja mixta de Naranjas y Mandarinas de 15 kg de peso aproximado. Directos del campo a casa. M\u00e1xima frescura. Primera calidad. Env\u00edo gratuito.<\/p>\n<ul>\n<li>Comprar caja mixta de Naranjas y Mandarinas<\/li>\n<li>15 kilos de peso aproximado.<\/li>\n<li>Directos del campo a casa<\/li>\n<li>M\u00e1xima frescura<\/li>\n<li>Primera calidad<\/li>\n<li>Sin ning\u00fan tratamiento postcosecha<\/li>\n<li>Env\u00edo gratuito<\/li>\n<li>IVA 4% incluido<\/li>\n<li>Precio m\u00e1s barato del mercado<\/li>\n<\/ul>\n","protected":false},"featured_media":911,"comment_status":"closed","ping_status":"closed","template":"","meta":{"_et_pb_use_builder":"","_et_pb_old_content":"","_et_gb_content_width":""},"product_brand":[],"product_cat":[47],"product_tag":[],"class_list":{"0":"post-205","1":"product","2":"type-product","3":"status-publish","4":"has-post-thumbnail","6":"product_cat-citricos","8":"first","9":"outofstock","10":"taxable","11":"shipping-taxable","12":"purchasable","13":"product-type-simple"},"yoast_head":"<!-- This site is optimized with the Yoast SEO plugin v27.3 - https:\/\/yoast.com\/product\/yoast-seo-wordpress\/ -->\n<title>Mix naranjas y mandarinas 15kg - La Masia de Martins<\/title>\n<meta name=\"robots\" content=\"index, follow, max-snippet:-1, max-image-preview:large, max-video-preview:-1\" \/>\n<link rel=\"canonical\" href=\"https:\/\/www.lamasiademartins.com\/es\/producto\/mix-naranjas-y-mandarinas-15kg\/\" \/>\n<meta property=\"og:locale\" content=\"es_ES\" \/>\n<meta property=\"og:type\" content=\"article\" \/>\n<meta property=\"og:title\" content=\"Mix naranjas y mandarinas 15kg - La Masia de Martins\" \/>\n<meta property=\"og:description\" content=\"Comprar caja mixta de Naranjas y Mandarinas de 15 kg de peso aproximado. Directos del campo a casa. M\u00e1xima frescura. Primera calidad. Env\u00edo gratuito.   Comprar caja mixta de Naranjas y Mandarinas  15 kilos de peso aproximado.  Directos del campo a casa  M\u00e1xima frescura  Primera calidad  Sin ning\u00fan tratamiento postcosecha  Env\u00edo gratuito  IVA 4% incluido  Precio m\u00e1s barato del mercado\" \/>\n<meta property=\"og:url\" content=\"https:\/\/www.lamasiademartins.com\/es\/producto\/mix-naranjas-y-mandarinas-15kg\/\" \/>\n<meta property=\"og:site_name\" content=\"La Masia de Martins\" \/>\n<meta property=\"article:publisher\" content=\"https:\/\/es-es.facebook.com\/LaMasiadeMartins\/\" \/>\n<meta property=\"article:modified_time\" content=\"2020-11-05T09:51:24+00:00\" \/>\n<meta property=\"og:image\" content=\"https:\/\/www.lamasiademartins.com\/wp-content\/uploads\/2020\/11\/mix-taronges-i-mandarines-comp-1-scaled.jpg\" \/>\n\t<meta property=\"og:image:width\" content=\"2560\" \/>\n\t<meta property=\"og:image:height\" content=\"1707\" \/>\n\t<meta property=\"og:image:type\" content=\"image\/jpeg\" \/>\n<meta name=\"twitter:card\" content=\"summary_large_image\" \/>\n<meta name=\"twitter:site\" content=\"@MasiaMartins\" \/>\n<script type=\"application\/ld+json\" class=\"yoast-schema-graph\">{\"@context\":\"https:\\\/\\\/schema.org\",\"@graph\":[{\"@type\":\"WebPage\",\"@id\":\"https:\\\/\\\/www.lamasiademartins.com\\\/es\\\/producto\\\/mix-naranjas-y-mandarinas-15kg\\\/\",\"url\":\"https:\\\/\\\/www.lamasiademartins.com\\\/es\\\/producto\\\/mix-naranjas-y-mandarinas-15kg\\\/\",\"name\":\"Mix naranjas y mandarinas 15kg - La Masia de Martins\",\"isPartOf\":{\"@id\":\"https:\\\/\\\/www.lamasiademartins.com\\\/#website\"},\"primaryImageOfPage\":{\"@id\":\"https:\\\/\\\/www.lamasiademartins.com\\\/es\\\/producto\\\/mix-naranjas-y-mandarinas-15kg\\\/#primaryimage\"},\"image\":{\"@id\":\"https:\\\/\\\/www.lamasiademartins.com\\\/es\\\/producto\\\/mix-naranjas-y-mandarinas-15kg\\\/#primaryimage\"},\"thumbnailUrl\":\"https:\\\/\\\/www.lamasiademartins.com\\\/wp-content\\\/uploads\\\/2020\\\/11\\\/mix-taronges-i-mandarines-comp-1-scaled.jpg\",\"datePublished\":\"2017-06-01T15:35:02+00:00\",\"dateModified\":\"2020-11-05T09:51:24+00:00\",\"breadcrumb\":{\"@id\":\"https:\\\/\\\/www.lamasiademartins.com\\\/es\\\/producto\\\/mix-naranjas-y-mandarinas-15kg\\\/#breadcrumb\"},\"inLanguage\":\"es\",\"potentialAction\":[{\"@type\":\"ReadAction\",\"target\":[\"https:\\\/\\\/www.lamasiademartins.com\\\/es\\\/producto\\\/mix-naranjas-y-mandarinas-15kg\\\/\"]}]},{\"@type\":\"ImageObject\",\"inLanguage\":\"es\",\"@id\":\"https:\\\/\\\/www.lamasiademartins.com\\\/es\\\/producto\\\/mix-naranjas-y-mandarinas-15kg\\\/#primaryimage\",\"url\":\"https:\\\/\\\/www.lamasiademartins.com\\\/wp-content\\\/uploads\\\/2020\\\/11\\\/mix-taronges-i-mandarines-comp-1-scaled.jpg\",\"contentUrl\":\"https:\\\/\\\/www.lamasiademartins.com\\\/wp-content\\\/uploads\\\/2020\\\/11\\\/mix-taronges-i-mandarines-comp-1-scaled.jpg\",\"width\":2560,\"height\":1707,\"caption\":\"mix taronges i mandarines\"},{\"@type\":\"BreadcrumbList\",\"@id\":\"https:\\\/\\\/www.lamasiademartins.com\\\/es\\\/producto\\\/mix-naranjas-y-mandarinas-15kg\\\/#breadcrumb\",\"itemListElement\":[{\"@type\":\"ListItem\",\"position\":1,\"name\":\"Inici\",\"item\":\"https:\\\/\\\/www.lamasiademartins.com\\\/es\\\/comprar-naranjas-y-mandarinas\\\/\"},{\"@type\":\"ListItem\",\"position\":2,\"name\":\"Tienda\",\"item\":\"https:\\\/\\\/www.lamasiademartins.com\\\/es\\\/productes\\\/\"},{\"@type\":\"ListItem\",\"position\":3,\"name\":\"Mix naranjas y mandarinas 15kg\"}]},{\"@type\":\"WebSite\",\"@id\":\"https:\\\/\\\/www.lamasiademartins.com\\\/#website\",\"url\":\"https:\\\/\\\/www.lamasiademartins.com\\\/\",\"name\":\"La Masia de Martins\",\"description\":\"Comprar taronjes\",\"potentialAction\":[{\"@type\":\"SearchAction\",\"target\":{\"@type\":\"EntryPoint\",\"urlTemplate\":\"https:\\\/\\\/www.lamasiademartins.com\\\/?s={search_term_string}\"},\"query-input\":{\"@type\":\"PropertyValueSpecification\",\"valueRequired\":true,\"valueName\":\"search_term_string\"}}],\"inLanguage\":\"es\"}]}<\/script>\n<!-- \/ Yoast SEO plugin. -->","yoast_head_json":{"title":"Mix naranjas y mandarinas 15kg - La Masia de Martins","robots":{"index":"index","follow":"follow","max-snippet":"max-snippet:-1","max-image-preview":"max-image-preview:large","max-video-preview":"max-video-preview:-1"},"canonical":"https:\/\/www.lamasiademartins.com\/es\/producto\/mix-naranjas-y-mandarinas-15kg\/","og_locale":"es_ES","og_type":"article","og_title":"Mix naranjas y mandarinas 15kg - La Masia de Martins","og_description":"Comprar caja mixta de Naranjas y Mandarinas de 15 kg de peso aproximado. Directos del campo a casa. M\u00e1xima frescura. Primera calidad. Env\u00edo gratuito.   Comprar caja mixta de Naranjas y Mandarinas  15 kilos de peso aproximado.  Directos del campo a casa  M\u00e1xima frescura  Primera calidad  Sin ning\u00fan tratamiento postcosecha  Env\u00edo gratuito  IVA 4% incluido  Precio m\u00e1s barato del mercado","og_url":"https:\/\/www.lamasiademartins.com\/es\/producto\/mix-naranjas-y-mandarinas-15kg\/","og_site_name":"La Masia de Martins","article_publisher":"https:\/\/es-es.facebook.com\/LaMasiadeMartins\/","article_modified_time":"2020-11-05T09:51:24+00:00","og_image":[{"width":2560,"height":1707,"url":"https:\/\/www.lamasiademartins.com\/wp-content\/uploads\/2020\/11\/mix-taronges-i-mandarines-comp-1-scaled.jpg","type":"image\/jpeg"}],"twitter_card":"summary_large_image","twitter_site":"@MasiaMartins","schema":{"@context":"https:\/\/schema.org","@graph":[{"@type":"WebPage","@id":"https:\/\/www.lamasiademartins.com\/es\/producto\/mix-naranjas-y-mandarinas-15kg\/","url":"https:\/\/www.lamasiademartins.com\/es\/producto\/mix-naranjas-y-mandarinas-15kg\/","name":"Mix naranjas y mandarinas 15kg - La Masia de Martins","isPartOf":{"@id":"https:\/\/www.lamasiademartins.com\/#website"},"primaryImageOfPage":{"@id":"https:\/\/www.lamasiademartins.com\/es\/producto\/mix-naranjas-y-mandarinas-15kg\/#primaryimage"},"image":{"@id":"https:\/\/www.lamasiademartins.com\/es\/producto\/mix-naranjas-y-mandarinas-15kg\/#primaryimage"},"thumbnailUrl":"https:\/\/www.lamasiademartins.com\/wp-content\/uploads\/2020\/11\/mix-taronges-i-mandarines-comp-1-scaled.jpg","datePublished":"2017-06-01T15:35:02+00:00","dateModified":"2020-11-05T09:51:24+00:00","breadcrumb":{"@id":"https:\/\/www.lamasiademartins.com\/es\/producto\/mix-naranjas-y-mandarinas-15kg\/#breadcrumb"},"inLanguage":"es","potentialAction":[{"@type":"ReadAction","target":["https:\/\/www.lamasiademartins.com\/es\/producto\/mix-naranjas-y-mandarinas-15kg\/"]}]},{"@type":"ImageObject","inLanguage":"es","@id":"https:\/\/www.lamasiademartins.com\/es\/producto\/mix-naranjas-y-mandarinas-15kg\/#primaryimage","url":"https:\/\/www.lamasiademartins.com\/wp-content\/uploads\/2020\/11\/mix-taronges-i-mandarines-comp-1-scaled.jpg","contentUrl":"https:\/\/www.lamasiademartins.com\/wp-content\/uploads\/2020\/11\/mix-taronges-i-mandarines-comp-1-scaled.jpg","width":2560,"height":1707,"caption":"mix taronges i mandarines"},{"@type":"BreadcrumbList","@id":"https:\/\/www.lamasiademartins.com\/es\/producto\/mix-naranjas-y-mandarinas-15kg\/#breadcrumb","itemListElement":[{"@type":"ListItem","position":1,"name":"Inici","item":"https:\/\/www.lamasiademartins.com\/es\/comprar-naranjas-y-mandarinas\/"},{"@type":"ListItem","position":2,"name":"Tienda","item":"https:\/\/www.lamasiademartins.com\/es\/productes\/"},{"@type":"ListItem","position":3,"name":"Mix naranjas y mandarinas 15kg"}]},{"@type":"WebSite","@id":"https:\/\/www.lamasiademartins.com\/#website","url":"https:\/\/www.lamasiademartins.com\/","name":"La Masia de Martins","description":"Comprar taronjes","potentialAction":[{"@type":"SearchAction","target":{"@type":"EntryPoint","urlTemplate":"https:\/\/www.lamasiademartins.com\/?s={search_term_string}"},"query-input":{"@type":"PropertyValueSpecification","valueRequired":true,"valueName":"search_term_string"}}],"inLanguage":"es"}]}},"_links":{"self":[{"href":"https:\/\/www.lamasiademartins.com\/es\/wp-json\/wp\/v2\/product\/205","targetHints":{"allow":["GET"]}}],"collection":[{"href":"https:\/\/www.lamasiademartins.com\/es\/wp-json\/wp\/v2\/product"}],"about":[{"href":"https:\/\/www.lamasiademartins.com\/es\/wp-json\/wp\/v2\/types\/product"}],"replies":[{"embeddable":true,"href":"https:\/\/www.lamasiademartins.com\/es\/wp-json\/wp\/v2\/comments?post=205"}],"wp:featuredmedia":[{"embeddable":true,"href":"https:\/\/www.lamasiademartins.com\/es\/wp-json\/wp\/v2\/media\/911"}],"wp:attachment":[{"href":"https:\/\/www.lamasiademartins.com\/es\/wp-json\/wp\/v2\/media?parent=205"}],"wp:term":[{"taxonomy":"product_brand","embeddable":true,"href":"https:\/\/www.lamasiademartins.com\/es\/wp-json\/wp\/v2\/product_brand?post=205"},{"taxonomy":"product_cat","embeddable":true,"href":"https:\/\/www.lamasiademartins.com\/es\/wp-json\/wp\/v2\/product_cat?post=205"},{"taxonomy":"product_tag","embeddable":true,"href":"https:\/\/www.lamasiademartins.com\/es\/wp-json\/wp\/v2\/product_tag?post=205"}],"curies":[{"name":"wp","href":"https:\/\/api.w.org\/{rel}","templated":true}]}}