{"id":82,"date":"2017-08-31T22:04:59","date_gmt":"2017-08-31T22:04:59","guid":{"rendered":"http:\/\/www.lamasiademartins.com\/?page_id=82"},"modified":"2020-12-02T12:39:09","modified_gmt":"2020-12-02T11:39:09","slug":"comprar-naranjas-y-mandarinas","status":"publish","type":"page","link":"https:\/\/www.lamasiademartins.com\/es\/","title":{"rendered":"Comprar naranjas y mandarinas"},"content":{"rendered":"<p>[et_pb_section fb_built=\u00bb1&#8243; admin_label=\u00bbBenvinguts a smartweb\u00bb _builder_version=\u00bb4.6.5&#8243; background_image=\u00bbhttps:\/\/www.lamasiademartins.com\/wp-content\/uploads\/2017\/06\/IMG_0513.jpg\u00bb custom_padding=\u00bb68px||68px||false|false\u00bb collapsed=\u00bbon\u00bb][et_pb_row _builder_version=\u00bb3.25&#8243; background_size=\u00bbinitial\u00bb background_position=\u00bbtop_left\u00bb background_repeat=\u00bbrepeat\u00bb][et_pb_column type=\u00bb4_4&#8243; _builder_version=\u00bb3.25&#8243; custom_padding=\u00bb|||\u00bb custom_padding__hover=\u00bb|||\u00bb][et_pb_cta title=\u00bbMas\u00eda Martins te trae los c\u00edtricos m\u00e1s frescos a tu casa con un click\u00bb _builder_version=\u00bb4.6.5&#8243; header_level=\u00bbh1&#8243; header_font_size=\u00bb42px\u00bb background_enable_color=\u00bboff\u00bb custom_button=\u00bbon\u00bb button_text_size=\u00bb18px\u00bb button_font=\u00bb|600||on|||||\u00bb button_use_icon=\u00bboff\u00bb button_bg_color__hover_enabled=\u00bbon|hover\u00bb button_bg_color__hover=\u00bb#ffffff\u00bb button_bg_enable_color__hover=\u00bbon\u00bb button_text_color__hover_enabled=\u00bbon|hover\u00bb button_text_color__hover=\u00bb#363636&#8243; button_border_color__hover_enabled=\u00bbon|hover\u00bb button_border_color__hover=\u00bb#ffffff\u00bb]<\/p>\n<p>Donde las monta\u00f1as abrazan las mandarinas<\/p>\n<p>[\/et_pb_cta][\/et_pb_column][\/et_pb_row][\/et_pb_section][et_pb_section fb_built=\u00bb1&#8243; _builder_version=\u00bb4.6.5&#8243; _module_preset=\u00bbdefault\u00bb custom_padding=\u00bb||7px||false|false\u00bb][et_pb_row _builder_version=\u00bb4.6.5&#8243; _module_preset=\u00bbdefault\u00bb][et_pb_column type=\u00bb4_4&#8243; _builder_version=\u00bb4.6.5&#8243; _module_preset=\u00bbdefault\u00bb][et_pb_text _builder_version=\u00bb4.6.5&#8243; _module_preset=\u00bbdefault\u00bb header_2_text_align=\u00bbcenter\u00bb]<\/p>\n<h2>Nuestros productos<\/h2>\n<p>[\/et_pb_text][et_pb_shop posts_number=\u00bb3&#8243; columns_number=\u00bb3&#8243; _builder_version=\u00bb4.6.5&#8243; _module_preset=\u00bbdefault\u00bb][\/et_pb_shop][\/et_pb_column][\/et_pb_row][\/et_pb_section][et_pb_section fb_built=\u00bb1&#8243; admin_label=\u00bbLes nostres instal\u00b7lacions\u00bb _builder_version=\u00bb4.6.5&#8243; background_color=\u00bb#f5f3f3&#8243; collapsed=\u00bboff\u00bb][et_pb_row column_structure=\u00bb1_2,1_2&#8243; make_equal=\u00bbon\u00bb module_class=\u00bbcentrar-columnes\u00bb _builder_version=\u00bb4.4.3&#8243;][et_pb_column type=\u00bb1_2&#8243; _builder_version=\u00bb4.4.3&#8243;][et_pb_image src=\u00bbhttps:\/\/www.lamasiademartins.com\/wp-content\/uploads\/2020\/10\/qui-som-home.jpg\u00bb title_text=\u00bbqui-som-home\u00bb _builder_version=\u00bb4.6.5&#8243;][\/et_pb_image][\/et_pb_column][et_pb_column type=\u00bb1_2&#8243; _builder_version=\u00bb4.4.3&#8243;][et_pb_text _builder_version=\u00bb4.6.5&#8243;]<\/p>\n<h2>\u00bfQu\u00e9 es la Masia de Martins?<\/h2>\n<p>[\/et_pb_text][et_pb_text _builder_version=\u00bb4.6.5&#8243;]<\/p>\n<p>El producto m\u00e1s fresco del mercado. Con s\u00f3lo 1 clic: del \u00e1rbol a la mesa. Cuando nos haces el pedido, cogemos tu fruta individualmente y te lo enviamos directamente a tu mesa. Lo puedes seguir por la web instalada en la finca.<\/p>\n<p>En la Mas\u00eda Martins nos preocupamos por ti, trabajamos durante todo el a\u00f1o para llevar a casa las mandarinas del Valle del Ebro, declarada Reserva de la Biosfera por parte de la UNESCO.<\/p>\n<p>[\/et_pb_text][et_pb_button button_url=\u00bb@ET-DC@eyJkeW5hbWljIjp0cnVlLCJjb250ZW50IjoicG9zdF9saW5rX3VybF9wYWdlIiwic2V0dGluZ3MiOnsicG9zdF9pZCI6IjY0MSJ9fQ==@\u00bb button_text=\u00bbVer m\u00e1s\u00bb _builder_version=\u00bb4.6.5&#8243; _dynamic_attributes=\u00bbbutton_url\u00bb custom_button=\u00bbon\u00bb button_text_size=\u00bb18px\u00bb button_text_color=\u00bb#00b800&#8243; button_font=\u00bb|600||on|||||\u00bb button_use_icon=\u00bboff\u00bb button_bg_color__hover_enabled=\u00bbon|hover\u00bb button_bg_color__hover=\u00bb #00b800&#8243; button_bg_enable_color__hover=\u00bbon\u00bb button_text_size__hover_enabled=\u00bbon|hover\u00bb button_text_color__hover_enabled=\u00bbon|hover\u00bb button_text_color__hover=\u00bb#ffffff\u00bb button_border_color__hover_enabled=\u00bbon|hover\u00bb button_border_color__hover=\u00bb #00b800&#8243;][\/et_pb_button][\/et_pb_column][\/et_pb_row][\/et_pb_section][et_pb_section fb_built=\u00bb1&#8243; _builder_version=\u00bb4.6.5&#8243; _module_preset=\u00bbdefault\u00bb][et_pb_row _builder_version=\u00bb4.6.5&#8243; _module_preset=\u00bbdefault\u00bb][et_pb_column type=\u00bb4_4&#8243; _builder_version=\u00bb4.6.5&#8243; _module_preset=\u00bbdefault\u00bb][et_pb_video src=\u00bbhttps:\/\/www.lamasiademartins.com\/wp-content\/uploads\/2020\/10\/video2.mp4&#8243; play_icon_color=\u00bb#25b800&#8243; thumbnail_overlay_color=\u00bbrgba(0,0,0,0.6)\u00bb _builder_version=\u00bb4.6.5&#8243; _module_preset=\u00bbdefault\u00bb max_width=\u00bb800px\u00bb module_alignment=\u00bbcenter\u00bb][\/et_pb_video][\/et_pb_column][\/et_pb_row][\/et_pb_section][et_pb_section fb_built=\u00bb1&#8243; admin_label=\u00bbBlog\u00bb module_class=\u00bbhome_blog\u00bb _builder_version=\u00bb4.6.5&#8243; background_color=\u00bb#f5f3f3&#8243; collapsed=\u00bboff\u00bb][et_pb_row _builder_version=\u00bb4.4.3&#8243;][et_pb_column type=\u00bb4_4&#8243; _builder_version=\u00bb4.4.3&#8243;][et_pb_text _builder_version=\u00bb4.6.5&#8243;]<\/p>\n<h2>Blog<\/h2>\n<p>[\/et_pb_text][et_pb_blog fullwidth=\u00bboff\u00bb posts_number=\u00bb3&#8243; include_categories=\u00bball\u00bb show_author=\u00bboff\u00bb show_date=\u00bboff\u00bb show_categories=\u00bboff\u00bb show_pagination=\u00bboff\u00bb _builder_version=\u00bb4.6.5&#8243; header_level=\u00bbh4&#8243; body_font=\u00bb|300|||||||\u00bb header_text_color__hover_enabled=\u00bbon|hover\u00bb header_text_color__hover=\u00bb #00b800&#8243;][\/et_pb_blog][\/et_pb_column][\/et_pb_row][\/et_pb_section]<\/p>\n","protected":false},"excerpt":{"rendered":"<p>Donde las monta\u00f1as abrazan las mandarinas Nuestros productos \u00bfQu\u00e9 es la Masia de Martins? El producto m\u00e1s fresco del mercado. Con s\u00f3lo 1 clic: del \u00e1rbol a la mesa. Cuando nos haces el pedido, cogemos tu fruta individualmente y te lo enviamos directamente a tu mesa. Lo puedes seguir por la web instalada en la [&hellip;]<\/p>\n","protected":false},"author":127,"featured_media":0,"parent":0,"menu_order":0,"comment_status":"open","ping_status":"open","template":"","meta":{"_et_pb_use_builder":"on","_et_pb_old_content":"","_et_gb_content_width":"","footnotes":""},"class_list":["post-82","page","type-page","status-publish","hentry"],"yoast_head":"<!-- This site is optimized with the Yoast SEO plugin v27.3 - https:\/\/yoast.com\/product\/yoast-seo-wordpress\/ -->\n<title>Comprar naranjas y mandarinas - La Masia de Martins<\/title>\n<meta name=\"description\" content=\"La Masia de Martins es el sitio ideal para comprar naranjas y mandarinas de les Terres de l&#039;Ebre. Recogemos el fruto y lo enviamos a su casa directamente.\" \/>\n<meta name=\"robots\" content=\"index, follow, max-snippet:-1, max-image-preview:large, max-video-preview:-1\" \/>\n<link rel=\"canonical\" href=\"https:\/\/www.lamasiademartins.com\/es\/comprar-naranjas-y-mandarinas\/\" \/>\n<meta property=\"og:locale\" content=\"es_ES\" \/>\n<meta property=\"og:type\" content=\"article\" \/>\n<meta property=\"og:title\" content=\"Comprar naranjas y mandarinas - La Masia de Martins\" \/>\n<meta property=\"og:description\" content=\"La Masia de Martins es el sitio ideal para comprar naranjas y mandarinas de les Terres de l&#039;Ebre. Recogemos el fruto y lo enviamos a su casa directamente.\" \/>\n<meta property=\"og:url\" content=\"https:\/\/www.lamasiademartins.com\/es\/comprar-naranjas-y-mandarinas\/\" \/>\n<meta property=\"og:site_name\" content=\"La Masia de Martins\" \/>\n<meta property=\"article:publisher\" content=\"https:\/\/es-es.facebook.com\/LaMasiadeMartins\/\" \/>\n<meta property=\"article:modified_time\" content=\"2020-12-02T11:39:09+00:00\" \/>\n<meta name=\"twitter:card\" content=\"summary_large_image\" \/>\n<meta name=\"twitter:site\" content=\"@MasiaMartins\" \/>\n<meta name=\"twitter:label1\" content=\"Tiempo de lectura\" \/>\n\t<meta name=\"twitter:data1\" content=\"3 minutos\" \/>\n<script type=\"application\/ld+json\" class=\"yoast-schema-graph\">{\"@context\":\"https:\\\/\\\/schema.org\",\"@graph\":[{\"@type\":\"WebPage\",\"@id\":\"https:\\\/\\\/www.lamasiademartins.com\\\/es\\\/comprar-naranjas-y-mandarinas\\\/\",\"url\":\"https:\\\/\\\/www.lamasiademartins.com\\\/es\\\/comprar-naranjas-y-mandarinas\\\/\",\"name\":\"Comprar naranjas y mandarinas - La Masia de Martins\",\"isPartOf\":{\"@id\":\"https:\\\/\\\/www.lamasiademartins.com\\\/#website\"},\"datePublished\":\"2017-08-31T22:04:59+00:00\",\"dateModified\":\"2020-12-02T11:39:09+00:00\",\"description\":\"La Masia de Martins es el sitio ideal para comprar naranjas y mandarinas de les Terres de l'Ebre. Recogemos el fruto y lo enviamos a su casa directamente.\",\"breadcrumb\":{\"@id\":\"https:\\\/\\\/www.lamasiademartins.com\\\/es\\\/comprar-naranjas-y-mandarinas\\\/#breadcrumb\"},\"inLanguage\":\"es\",\"potentialAction\":[{\"@type\":\"ReadAction\",\"target\":[\"https:\\\/\\\/www.lamasiademartins.com\\\/es\\\/comprar-naranjas-y-mandarinas\\\/\"]}]},{\"@type\":\"BreadcrumbList\",\"@id\":\"https:\\\/\\\/www.lamasiademartins.com\\\/es\\\/comprar-naranjas-y-mandarinas\\\/#breadcrumb\",\"itemListElement\":[{\"@type\":\"ListItem\",\"position\":1,\"name\":\"Inici\",\"item\":\"https:\\\/\\\/www.lamasiademartins.com\\\/es\\\/comprar-naranjas-y-mandarinas\\\/\"},{\"@type\":\"ListItem\",\"position\":2,\"name\":\"Comprar naranjas y mandarinas\"}]},{\"@type\":\"WebSite\",\"@id\":\"https:\\\/\\\/www.lamasiademartins.com\\\/#website\",\"url\":\"https:\\\/\\\/www.lamasiademartins.com\\\/\",\"name\":\"La Masia de Martins\",\"description\":\"Comprar taronjes\",\"potentialAction\":[{\"@type\":\"SearchAction\",\"target\":{\"@type\":\"EntryPoint\",\"urlTemplate\":\"https:\\\/\\\/www.lamasiademartins.com\\\/?s={search_term_string}\"},\"query-input\":{\"@type\":\"PropertyValueSpecification\",\"valueRequired\":true,\"valueName\":\"search_term_string\"}}],\"inLanguage\":\"es\"}]}<\/script>\n<!-- \/ Yoast SEO plugin. -->","yoast_head_json":{"title":"Comprar naranjas y mandarinas - La Masia de Martins","description":"La Masia de Martins es el sitio ideal para comprar naranjas y mandarinas de les Terres de l'Ebre. Recogemos el fruto y lo enviamos a su casa directamente.","robots":{"index":"index","follow":"follow","max-snippet":"max-snippet:-1","max-image-preview":"max-image-preview:large","max-video-preview":"max-video-preview:-1"},"canonical":"https:\/\/www.lamasiademartins.com\/es\/comprar-naranjas-y-mandarinas\/","og_locale":"es_ES","og_type":"article","og_title":"Comprar naranjas y mandarinas - La Masia de Martins","og_description":"La Masia de Martins es el sitio ideal para comprar naranjas y mandarinas de les Terres de l'Ebre. Recogemos el fruto y lo enviamos a su casa directamente.","og_url":"https:\/\/www.lamasiademartins.com\/es\/comprar-naranjas-y-mandarinas\/","og_site_name":"La Masia de Martins","article_publisher":"https:\/\/es-es.facebook.com\/LaMasiadeMartins\/","article_modified_time":"2020-12-02T11:39:09+00:00","twitter_card":"summary_large_image","twitter_site":"@MasiaMartins","twitter_misc":{"Tiempo de lectura":"3 minutos"},"schema":{"@context":"https:\/\/schema.org","@graph":[{"@type":"WebPage","@id":"https:\/\/www.lamasiademartins.com\/es\/comprar-naranjas-y-mandarinas\/","url":"https:\/\/www.lamasiademartins.com\/es\/comprar-naranjas-y-mandarinas\/","name":"Comprar naranjas y mandarinas - La Masia de Martins","isPartOf":{"@id":"https:\/\/www.lamasiademartins.com\/#website"},"datePublished":"2017-08-31T22:04:59+00:00","dateModified":"2020-12-02T11:39:09+00:00","description":"La Masia de Martins es el sitio ideal para comprar naranjas y mandarinas de les Terres de l'Ebre. Recogemos el fruto y lo enviamos a su casa directamente.","breadcrumb":{"@id":"https:\/\/www.lamasiademartins.com\/es\/comprar-naranjas-y-mandarinas\/#breadcrumb"},"inLanguage":"es","potentialAction":[{"@type":"ReadAction","target":["https:\/\/www.lamasiademartins.com\/es\/comprar-naranjas-y-mandarinas\/"]}]},{"@type":"BreadcrumbList","@id":"https:\/\/www.lamasiademartins.com\/es\/comprar-naranjas-y-mandarinas\/#breadcrumb","itemListElement":[{"@type":"ListItem","position":1,"name":"Inici","item":"https:\/\/www.lamasiademartins.com\/es\/comprar-naranjas-y-mandarinas\/"},{"@type":"ListItem","position":2,"name":"Comprar naranjas y mandarinas"}]},{"@type":"WebSite","@id":"https:\/\/www.lamasiademartins.com\/#website","url":"https:\/\/www.lamasiademartins.com\/","name":"La Masia de Martins","description":"Comprar taronjes","potentialAction":[{"@type":"SearchAction","target":{"@type":"EntryPoint","urlTemplate":"https:\/\/www.lamasiademartins.com\/?s={search_term_string}"},"query-input":{"@type":"PropertyValueSpecification","valueRequired":true,"valueName":"search_term_string"}}],"inLanguage":"es"}]}},"_links":{"self":[{"href":"https:\/\/www.lamasiademartins.com\/es\/wp-json\/wp\/v2\/pages\/82","targetHints":{"allow":["GET"]}}],"collection":[{"href":"https:\/\/www.lamasiademartins.com\/es\/wp-json\/wp\/v2\/pages"}],"about":[{"href":"https:\/\/www.lamasiademartins.com\/es\/wp-json\/wp\/v2\/types\/page"}],"author":[{"embeddable":true,"href":"https:\/\/www.lamasiademartins.com\/es\/wp-json\/wp\/v2\/users\/127"}],"replies":[{"embeddable":true,"href":"https:\/\/www.lamasiademartins.com\/es\/wp-json\/wp\/v2\/comments?post=82"}],"version-history":[{"count":11,"href":"https:\/\/www.lamasiademartins.com\/es\/wp-json\/wp\/v2\/pages\/82\/revisions"}],"predecessor-version":[{"id":1056,"href":"https:\/\/www.lamasiademartins.com\/es\/wp-json\/wp\/v2\/pages\/82\/revisions\/1056"}],"wp:attachment":[{"href":"https:\/\/www.lamasiademartins.com\/es\/wp-json\/wp\/v2\/media?parent=82"}],"curies":[{"name":"wp","href":"https:\/\/api.w.org\/{rel}","templated":true}]}}