{"id":121,"date":"2017-06-01T16:28:09","date_gmt":"2017-06-01T16:28:09","guid":{"rendered":"http:\/\/www.lamasiademartins.com\/nota-legal\/"},"modified":"2020-10-06T11:18:50","modified_gmt":"2020-10-06T10:18:50","slug":"nota-legal","status":"publish","type":"page","link":"https:\/\/www.lamasiademartins.com\/es\/nota-legal\/","title":{"rendered":"Nota legal"},"content":{"rendered":"<h1>LEY ORG\u00c1NICA DE LOS SERVICIOS DE LA SOCIEDAD DE LA INFORMACI\u00d3N Y DE COMERCIO ELECTR\u00d3NICO (LSSICE)<\/h1>\n<p>Seg\u00fan establece la Ley 34\/2002, del 11 de julio, de Servicios de la Sociedad de la Informaci\u00f3n y de Comercio Electr\u00f3nico (LSSICE), B.O.E. N\u00ba 166, se ofrece a todos los usuarios y visitantes la informaci\u00f3n legal relativa a la sociedad propietaria del sitio Web ubicado en la direcci\u00f3n de Internet https:\/\/www.lamasiademartins.com\/<\/p>\n<h2>1. Datos identificativos<\/h2>\n<p>SOLDEBRE y Secci\u00f3n de Cr\u00e9dito, S.Coop.C.L. Ctra. Raval de Cristo, s \/ n 43500 &#8211; Tortosa (Tarragona) SE CIF: SE F43440759 Correo electr\u00f3nico: info@soldebre.es Web: www.lamasiademartins.com Inscrita en el Registro General de Cooperativas del Departamento de Trabajo de la Generalitat de Catalu\u00f1a con el n\u00famero 8001, hoja TN-893, inscripci\u00f3n 1\u00aa de fecha 06\/16\/1995.<\/p>\n<h2>2. Pol\u00edtica de enlaces<\/h2>\n<p>La funci\u00f3n de los enlaces que aparecen en esta p\u00e1gina tiene s\u00f3lo finalidad informativa. SOLDEBRE y Secci\u00f3n de Cr\u00e9dito SCCL rechaza la responsabilidad sobre la informaci\u00f3n contenida en estas p\u00e1ginas Web. Las eventuales referencias que se realizan en la Web de lamasiademartins.com a cualquier producto, servicio, proceso, enlace, hipertexto o cualquier otra informaci\u00f3n utilizando la marca, el nombre comercial o el fabricante o suministrador, que sean de titularidad de terceros no constituye o implica apoyo, patrocinio o recomendaci\u00f3n por parte de SOLDEBRE y Secci\u00f3n de Cr\u00e9dito SCCL.<\/p>\n<h2>3. Derechos de propiedad intelectual e industrial<\/h2>\n<p>La totalidad de esta Web est\u00e1 protegida por las leyes espa\u00f1olas internacionales sobre propiedad Intelectual e Industrial. Asimismo, el contenido de este sitio Web tambi\u00e9n tiene la consideraci\u00f3n de programa de ordenador por lo tanto se le aplica toda la legislaci\u00f3n espa\u00f1ola y comunitaria vigente.<\/p>\n<p>Los derechos de propiedad intelectual de los contenidos cedidos en nuestro sitio Web son propiedad de sus respectivos autores. El resto son propiedad de SOLDEBRE y Secci\u00f3n de Cr\u00e9dito SCCL. Queda expresamente prohibida la reproducci\u00f3n total o parcial de este sitio Web sin el permiso expreso de SOLDEBRE y Secci\u00f3n de Cr\u00e9dito SCCL.<\/p>\n<h2>4. Limitaci\u00f3n de responsabilidades<\/h2>\n<p>SOLDEBRE y Secci\u00f3n de Cr\u00e9dito SCCL no controla ni garantiza la ausencia de virus ni de otros elementos en los contenidos que puedan producir alteraciones en el sistema inform\u00e1tico del usuario (software y hardware), documentos electr\u00f3nicos y ficheros almacenados en su sistema inform\u00e1tico. Por ello, SOLDEBRE y Secci\u00f3n de Cr\u00e9dito SCCL no se hace responsable de cualquier da\u00f1o o perjuicio que sufra el usuario por la existencia de virus u otros elementos en el sitio Web. SOLDEBRE y Secci\u00f3n de Cr\u00e9dito SCCL no puede garantizar la ausencia de errores tecnol\u00f3gicos y la permanente disponibilidad del sitio web y de los servicios contenidos en \u00e9l y, en consecuencia, no asume responsabilidad alguna por da\u00f1os y perjuicios que se puedan generar por falta de disponibilidad y errores en el acceso. SOLDEBRE y Secci\u00f3n de Cr\u00e9dito SCCL no puede garantizar que las transmisiones de informaci\u00f3n a trav\u00e9s de Internet sean totalmente seguras, ya que intervienen m\u00faltiples factores fuera del control de SOLDEBRE y Secci\u00f3n de Cr\u00e9dito SCCL, entre ellos, la propia configuraci\u00f3n inform\u00e1tica del usuario, la seguridad aplicada a las redes p\u00fablicas de telecomunicaciones, etc. SOLDEBRE y Secci\u00f3n de Cr\u00e9dito SCCL no se hace responsable de los da\u00f1os o perjuicios que pueda sufrir el usuario por posibles contingencias en la transmisi\u00f3n de informaci\u00f3n, como son la p\u00e9rdida de datos o accesos no autorizados de terceras personas.<\/p>\n<h2>5. Jurisdicci\u00f3n y leyes aplicables<\/h2>\n<p>Cualquier controversia relativa a las condiciones de uso y acceso a este sitio Web contenidas en la presente Informaci\u00f3n Legal, as\u00ed como cualquier relaci\u00f3n entre usted como usuario &#8211; Visitante y SOLDEBRE y Secci\u00f3n de Cr\u00e9dito SCCL se regir\u00e1 por la legislaci\u00f3n espa\u00f1ola, renunciando expresamente las partes al que les corresponda, y someti\u00e9ndose a los Juzgados y Tribunales de Tortosa.<\/p>\n<h1>LEY ORG\u00c1NICA DE PROTECCI\u00d3N DE DATOS DE CAR\u00c1CTER PERSONAL (RDLOPD)<\/h1>\n<h2>1. Derecho de informaci\u00f3n y finalidad<\/h2>\n<p>De acuerdo con lo establecido en la Ley Org\u00e1nica 15\/1999, de 13 de diciembre, y con el Real Decreto 1720\/2007, de 21 de diciembre, de Protecci\u00f3n de Datos Personales (en adelante RDLOPD), se informa al cliente los siguientes puntos:<\/p>\n<ul>\n<li>SOLDEBRE y Secci\u00f3n de Cr\u00e9dito SCCL, es, a efectos del RDLOPD, Responsable del Fichero en el que se incluir\u00e1n los datos personales que usted nos facilite. La direcci\u00f3n del responsable del fichero es: Ctra. Raval de Cristo, s \/ n &#8211; Tortosa 43500 (Tarragona).<\/li>\n<li>Los datos facilitados a SOLDEBRE y Secci\u00f3n de Cr\u00e9dito SCCL, formar\u00e1n parte de un fichero automatizado responsabilidad del mismo. El fichero se encuentra debidamente inscrito en el Registro General de Protecci\u00f3n de Datos de la Agencia Espa\u00f1ola de Protecci\u00f3n de Datos, y todo el proceso de tratamiento, almacenamiento y mantenimiento se encuentra sometido a los controles y normas establecidos en el Reglamento de Medidas de Seguridad.<\/li>\n<li>La finalidad para la que se recogen los datos ser\u00e1 la de cada caso concreto, pero siempre tendr\u00e1 como objeto gestionar el servicio prestado por la empresa al cliente dentro del marco de la relaci\u00f3n comercial que los une, enviarle informaci\u00f3n y publicidad sobre ofertas, promociones o recomendaciones y confeccionar nuevos productos a partir de las preferencias de nuestros clientes.<\/li>\n<\/ul>\n<h2>2. Derecho de acceso, rectificaci\u00f3n, cancelaci\u00f3n y oposici\u00f3n (ARCO)<\/h2>\n<p>En virtud de las leyes antes mencionadas, el cliente podr\u00e1 ejercer los derechos de acceso, rectificaci\u00f3n, cancelaci\u00f3n y oposici\u00f3n de sus datos a trav\u00e9s de la direcci\u00f3n de correo electr\u00f3nico soldebre@soldebre.es, por tel\u00e9fono al 977 442 184, por fax al 977 502 561 o bien dirigi\u00e9ndose o enviando un correo postal a la siguiente direcci\u00f3n: SOLDEBRE y Secci\u00f3n de Cr\u00e9dito SCCL, Ctra. Raval de Cristo s \/ n &#8211; Tortosa 43500 (Tarragona).<\/p>\n<h2>3. Car\u00e1cter obligatorio o facultativo de la informaci\u00f3n facilitada por el usuario<\/h2>\n<p>Los campos marcados con un asterisco (*) en el formulario de contacto, a cumplimentar por el usuario, son estrictamente necesarios para atender su petici\u00f3n, siendo voluntaria la inclusi\u00f3n de datos en los campos restantes. El usuario garantiza que los datos personales facilitados a SOLDEBRE y Secci\u00f3n de Cr\u00e9dito SCCL son veraces y se hace responsable de comunicar, a la empresa, cualquier modificaci\u00f3n de las mismas.<\/p>\n<h2>4. Forma de env\u00edo del correo electr\u00f3nico<\/h2>\n<p>La forma de env\u00edo de nuestros correos electr\u00f3nicos se est\u00e1 realizando cumpliendo la LSSICE (Ley Org\u00e1nica 34\/2002, de 11 de julio, de Servicios de la Sociedad de la Informaci\u00f3n y de Comercio Electr\u00f3nico) por la que todo env\u00edo que no haya sido solicitado previamente por el destinatario es ilegal, excepto si se hace una sola vez, figure la palabra PUBLICIDAD al asunto y se facilite la revocaci\u00f3n del consentimiento del usuario. Los correos no solicitados incumplen las leyes RDLOPD y LSSICE.<\/p>\n<h2>5. Medidas de seguridad<\/h2>\n<p>Conforme el Real Decreto 1720\/2007, de 21 de diciembre, relativo a las Medidas de Seguridad de los Ficheros Automatizados y No Automatizados con datos de car\u00e1cter personal y seg\u00fan con lo especificado en el art\u00edculo 81 de la RDLOPD, SOLDEBRE y Secci\u00f3n de Cr\u00e9dito SCCL ha adoptado las medidas de \u00edndole t\u00e9cnica y organizativas necesarias para garantizar esta seguridad.<\/p>\n<p>SOLDEBRE y Secci\u00f3n de Cr\u00e9dito SCCL se compromete a cumplir con el deber de secreto, confidencialidad y privacidad respecto a los datos personales contenidos en los ficheros automatizados y no automatizados, de las que es titular, evitando as\u00ed, la p\u00e9rdida, mal uso, acceso no autorizado y robo de los datos que el usuario facilite a trav\u00e9s de su Web.<\/p>\n","protected":false},"excerpt":{"rendered":"<p>LEY ORG\u00c1NICA DE LOS SERVICIOS DE LA SOCIEDAD DE LA INFORMACI\u00d3N Y DE COMERCIO ELECTR\u00d3NICO (LSSICE) Seg\u00fan establece la Ley 34\/2002, del 11 de julio, de Servicios de la Sociedad de la Informaci\u00f3n y de Comercio Electr\u00f3nico (LSSICE), B.O.E. N\u00ba 166, se ofrece a todos los usuarios y visitantes la informaci\u00f3n legal relativa a la [&hellip;]<\/p>\n","protected":false},"author":127,"featured_media":0,"parent":0,"menu_order":0,"comment_status":"closed","ping_status":"closed","template":"","meta":{"_et_pb_use_builder":"","_et_pb_old_content":"","_et_gb_content_width":"","footnotes":""},"class_list":["post-121","page","type-page","status-publish","hentry"],"yoast_head":"<!-- This site is optimized with the Yoast SEO plugin v27.4 - https:\/\/yoast.com\/product\/yoast-seo-wordpress\/ -->\n<title>Nota legal - La Masia de Martins<\/title>\n<meta name=\"robots\" content=\"index, follow, max-snippet:-1, max-image-preview:large, max-video-preview:-1\" \/>\n<link rel=\"canonical\" href=\"https:\/\/www.lamasiademartins.com\/es\/nota-legal\/\" \/>\n<meta property=\"og:locale\" content=\"es_ES\" \/>\n<meta property=\"og:type\" content=\"article\" \/>\n<meta property=\"og:title\" content=\"Nota legal - La Masia de Martins\" \/>\n<meta property=\"og:description\" content=\"LEY ORG\u00c1NICA DE LOS SERVICIOS DE LA SOCIEDAD DE LA INFORMACI\u00d3N Y DE COMERCIO ELECTR\u00d3NICO (LSSICE) Seg\u00fan establece la Ley 34\/2002, del 11 de julio, de Servicios de la Sociedad de la Informaci\u00f3n y de Comercio Electr\u00f3nico (LSSICE), B.O.E. N\u00ba 166, se ofrece a todos los usuarios y visitantes la informaci\u00f3n legal relativa a la [&hellip;]\" \/>\n<meta property=\"og:url\" content=\"https:\/\/www.lamasiademartins.com\/es\/nota-legal\/\" \/>\n<meta property=\"og:site_name\" content=\"La Masia de Martins\" \/>\n<meta property=\"article:publisher\" content=\"https:\/\/es-es.facebook.com\/LaMasiadeMartins\/\" \/>\n<meta property=\"article:modified_time\" content=\"2020-10-06T10:18:50+00:00\" \/>\n<meta name=\"twitter:card\" content=\"summary_large_image\" \/>\n<meta name=\"twitter:site\" content=\"@MasiaMartins\" \/>\n<meta name=\"twitter:label1\" content=\"Tiempo de lectura\" \/>\n\t<meta name=\"twitter:data1\" content=\"7 minutos\" \/>\n<script type=\"application\/ld+json\" class=\"yoast-schema-graph\">{\"@context\":\"https:\\\/\\\/schema.org\",\"@graph\":[{\"@type\":\"WebPage\",\"@id\":\"https:\\\/\\\/www.lamasiademartins.com\\\/es\\\/nota-legal\\\/\",\"url\":\"https:\\\/\\\/www.lamasiademartins.com\\\/es\\\/nota-legal\\\/\",\"name\":\"Nota legal - La Masia de Martins\",\"isPartOf\":{\"@id\":\"https:\\\/\\\/www.lamasiademartins.com\\\/#website\"},\"datePublished\":\"2017-06-01T16:28:09+00:00\",\"dateModified\":\"2020-10-06T10:18:50+00:00\",\"breadcrumb\":{\"@id\":\"https:\\\/\\\/www.lamasiademartins.com\\\/es\\\/nota-legal\\\/#breadcrumb\"},\"inLanguage\":\"es\",\"potentialAction\":[{\"@type\":\"ReadAction\",\"target\":[\"https:\\\/\\\/www.lamasiademartins.com\\\/es\\\/nota-legal\\\/\"]}]},{\"@type\":\"BreadcrumbList\",\"@id\":\"https:\\\/\\\/www.lamasiademartins.com\\\/es\\\/nota-legal\\\/#breadcrumb\",\"itemListElement\":[{\"@type\":\"ListItem\",\"position\":1,\"name\":\"Inici\",\"item\":\"https:\\\/\\\/www.lamasiademartins.com\\\/es\\\/comprar-naranjas-y-mandarinas\\\/\"},{\"@type\":\"ListItem\",\"position\":2,\"name\":\"Nota legal\"}]},{\"@type\":\"WebSite\",\"@id\":\"https:\\\/\\\/www.lamasiademartins.com\\\/#website\",\"url\":\"https:\\\/\\\/www.lamasiademartins.com\\\/\",\"name\":\"La Masia de Martins\",\"description\":\"Comprar taronjes\",\"potentialAction\":[{\"@type\":\"SearchAction\",\"target\":{\"@type\":\"EntryPoint\",\"urlTemplate\":\"https:\\\/\\\/www.lamasiademartins.com\\\/?s={search_term_string}\"},\"query-input\":{\"@type\":\"PropertyValueSpecification\",\"valueRequired\":true,\"valueName\":\"search_term_string\"}}],\"inLanguage\":\"es\"}]}<\/script>\n<!-- \/ Yoast SEO plugin. -->","yoast_head_json":{"title":"Nota legal - La Masia de Martins","robots":{"index":"index","follow":"follow","max-snippet":"max-snippet:-1","max-image-preview":"max-image-preview:large","max-video-preview":"max-video-preview:-1"},"canonical":"https:\/\/www.lamasiademartins.com\/es\/nota-legal\/","og_locale":"es_ES","og_type":"article","og_title":"Nota legal - La Masia de Martins","og_description":"LEY ORG\u00c1NICA DE LOS SERVICIOS DE LA SOCIEDAD DE LA INFORMACI\u00d3N Y DE COMERCIO ELECTR\u00d3NICO (LSSICE) Seg\u00fan establece la Ley 34\/2002, del 11 de julio, de Servicios de la Sociedad de la Informaci\u00f3n y de Comercio Electr\u00f3nico (LSSICE), B.O.E. N\u00ba 166, se ofrece a todos los usuarios y visitantes la informaci\u00f3n legal relativa a la [&hellip;]","og_url":"https:\/\/www.lamasiademartins.com\/es\/nota-legal\/","og_site_name":"La Masia de Martins","article_publisher":"https:\/\/es-es.facebook.com\/LaMasiadeMartins\/","article_modified_time":"2020-10-06T10:18:50+00:00","twitter_card":"summary_large_image","twitter_site":"@MasiaMartins","twitter_misc":{"Tiempo de lectura":"7 minutos"},"schema":{"@context":"https:\/\/schema.org","@graph":[{"@type":"WebPage","@id":"https:\/\/www.lamasiademartins.com\/es\/nota-legal\/","url":"https:\/\/www.lamasiademartins.com\/es\/nota-legal\/","name":"Nota legal - La Masia de Martins","isPartOf":{"@id":"https:\/\/www.lamasiademartins.com\/#website"},"datePublished":"2017-06-01T16:28:09+00:00","dateModified":"2020-10-06T10:18:50+00:00","breadcrumb":{"@id":"https:\/\/www.lamasiademartins.com\/es\/nota-legal\/#breadcrumb"},"inLanguage":"es","potentialAction":[{"@type":"ReadAction","target":["https:\/\/www.lamasiademartins.com\/es\/nota-legal\/"]}]},{"@type":"BreadcrumbList","@id":"https:\/\/www.lamasiademartins.com\/es\/nota-legal\/#breadcrumb","itemListElement":[{"@type":"ListItem","position":1,"name":"Inici","item":"https:\/\/www.lamasiademartins.com\/es\/comprar-naranjas-y-mandarinas\/"},{"@type":"ListItem","position":2,"name":"Nota legal"}]},{"@type":"WebSite","@id":"https:\/\/www.lamasiademartins.com\/#website","url":"https:\/\/www.lamasiademartins.com\/","name":"La Masia de Martins","description":"Comprar taronjes","potentialAction":[{"@type":"SearchAction","target":{"@type":"EntryPoint","urlTemplate":"https:\/\/www.lamasiademartins.com\/?s={search_term_string}"},"query-input":{"@type":"PropertyValueSpecification","valueRequired":true,"valueName":"search_term_string"}}],"inLanguage":"es"}]}},"_links":{"self":[{"href":"https:\/\/www.lamasiademartins.com\/es\/wp-json\/wp\/v2\/pages\/121","targetHints":{"allow":["GET"]}}],"collection":[{"href":"https:\/\/www.lamasiademartins.com\/es\/wp-json\/wp\/v2\/pages"}],"about":[{"href":"https:\/\/www.lamasiademartins.com\/es\/wp-json\/wp\/v2\/types\/page"}],"author":[{"embeddable":true,"href":"https:\/\/www.lamasiademartins.com\/es\/wp-json\/wp\/v2\/users\/127"}],"replies":[{"embeddable":true,"href":"https:\/\/www.lamasiademartins.com\/es\/wp-json\/wp\/v2\/comments?post=121"}],"version-history":[{"count":5,"href":"https:\/\/www.lamasiademartins.com\/es\/wp-json\/wp\/v2\/pages\/121\/revisions"}],"predecessor-version":[{"id":805,"href":"https:\/\/www.lamasiademartins.com\/es\/wp-json\/wp\/v2\/pages\/121\/revisions\/805"}],"wp:attachment":[{"href":"https:\/\/www.lamasiademartins.com\/es\/wp-json\/wp\/v2\/media?parent=121"}],"curies":[{"name":"wp","href":"https:\/\/api.w.org\/{rel}","templated":true}]}}