{"id":225,"date":"2012-09-03T03:28:15","date_gmt":"2012-09-03T03:28:15","guid":{"rendered":"https:\/\/www.lamasiademartins.com\/en\/contacte\/"},"modified":"2020-10-05T11:01:29","modified_gmt":"2020-10-05T10:01:29","slug":"contact","status":"publish","type":"page","link":"https:\/\/www.lamasiademartins.com\/en\/contact\/","title":{"rendered":"Contact"},"content":{"rendered":"<p>[et_pb_section fb_built=&#8221;1&#8243; admin_label=&#8221;Header&#8221; _builder_version=&#8221;4.6.5&#8243; background_image=&#8221;https:\/\/www.lamasiademartins.com\/wp-content\/uploads\/2020\/10\/slider350.jpg&#8221; custom_padding=&#8221;48px||48px||false|false&#8221; hover_enabled=&#8221;0&#8243; title_text=&#8221;slider350&#8243; sticky_enabled=&#8221;0&#8243;][et_pb_row _builder_version=&#8221;4.4.3&#8243; custom_padding=&#8221;10px||0px||false|false&#8221;][et_pb_column type=&#8221;4_4&#8243; _builder_version=&#8221;4.4.3&#8243;][et_pb_text _builder_version=&#8221;4.4.3&#8243; _dynamic_attributes=&#8221;content&#8221; header_text_align=&#8221;center&#8221; header_text_color=&#8221;#ffffff&#8221;]@ET-DC@eyJkeW5hbWljIjp0cnVlLCJjb250ZW50IjoicG9zdF90aXRsZSIsInNldHRpbmdzIjp7ImJlZm9yZSI6IjxoMT4iLCJhZnRlciI6IjxcL2gxPiJ9fQ==@[\/et_pb_text][\/et_pb_column][\/et_pb_row][\/et_pb_section][et_pb_section fb_built=&#8221;1&#8243; admin_label=&#8221;Contacta&#8221; _builder_version=&#8221;4.4.3&#8243; locked=&#8221;off&#8221;][et_pb_row column_structure=&#8221;3_5,2_5&#8243; _builder_version=&#8221;4.4.3&#8243;][et_pb_column type=&#8221;3_5&#8243; _builder_version=&#8221;4.4.3&#8243;][et_pb_text _builder_version=&#8221;4.4.3&#8243;]<\/p>\n<h2>Contact<\/h2>\n<p>[\/et_pb_text][et_pb_code module_class=&#8221;home_formulari&#8221; _builder_version=&#8221;4.6.5&#8243;]\n<div class=\"wpcf7 no-js\" id=\"wpcf7-f737-o1\" lang=\"es-ES\" dir=\"ltr\" data-wpcf7-id=\"737\">\n<div class=\"screen-reader-response\"><p role=\"status\" aria-live=\"polite\" aria-atomic=\"true\"><\/p> <ul><\/ul><\/div>\n<form action=\"\/en\/wp-json\/wp\/v2\/pages\/225#wpcf7-f737-o1\" method=\"post\" class=\"wpcf7-form init wpcf7-acceptance-as-validation\" aria-label=\"Formulario de contacto\" novalidate=\"novalidate\" data-status=\"init\">\n<fieldset class=\"hidden-fields-container\"><input type=\"hidden\" name=\"_wpcf7\" value=\"737\" \/><input type=\"hidden\" name=\"_wpcf7_version\" value=\"6.1.5\" \/><input type=\"hidden\" name=\"_wpcf7_locale\" value=\"es_ES\" \/><input type=\"hidden\" name=\"_wpcf7_unit_tag\" value=\"wpcf7-f737-o1\" \/><input type=\"hidden\" name=\"_wpcf7_container_post\" value=\"0\" \/><input type=\"hidden\" name=\"_wpcf7_posted_data_hash\" value=\"\" \/><input type=\"hidden\" name=\"_wpcf7_recaptcha_response\" value=\"\" \/>\n<\/fieldset>\n<div class=\"contacte-col2\">\n\t<div class=\"contacte-nom\">\n\t\t<p><span class=\"wpcf7-form-control-wrap\" data-name=\"Nom\"><input size=\"40\" maxlength=\"400\" class=\"wpcf7-form-control wpcf7-text wpcf7-validates-as-required\" aria-required=\"true\" aria-invalid=\"false\" placeholder=\"Name\" value=\"\" type=\"text\" name=\"Nom\" \/><\/span>\n\t\t<\/p>\n\t<\/div>\n\t<div class=\"contacte-mail\">\n\t\t<p><span class=\"wpcf7-form-control-wrap\" data-name=\"Email\"><input size=\"40\" maxlength=\"400\" class=\"wpcf7-form-control wpcf7-email wpcf7-validates-as-required wpcf7-text wpcf7-validates-as-email\" aria-required=\"true\" aria-invalid=\"false\" placeholder=\"Email\" value=\"\" type=\"email\" name=\"Email\" \/><\/span>\n\t\t<\/p>\n\t<\/div>\n<\/div>\n<div class=\"contacte-text\">\n\t<p><span class=\"wpcf7-form-control-wrap\" data-name=\"Missatge\"><textarea cols=\"40\" rows=\"10\" maxlength=\"2000\" class=\"wpcf7-form-control wpcf7-textarea wpcf7-validates-as-required\" aria-required=\"true\" aria-invalid=\"false\" placeholder=\"Message\" name=\"Missatge\"><\/textarea><\/span>\n\t<\/p>\n<\/div>\n<div style=\"margin-top:20px;margin-bottom:20px;\">\n\t<div class=\"et_pb_module et_pb_toggle et_pb_toggle_0 et_pb_toggle_item et_pb_toggle_close\">\n\t\t<h5 class=\"et_pb_toggle_title consentiment\">Llegeix-ne el consentiment per al tractament de dades personals\n\t\t<\/h5>\n\t\t<div class=\"et_pb_toggle_content clearfix\" style=\"display: none;\">\n\t\t\t<p><strong>SOLDEBRE SCCL<\/strong> \u00e9s el Responsable del tractament de les dades personals de l'Usuari i l'informa que aquestes dades seran tractades de conformitat amb el que disposa el Reglament (UE) 2016\/679 de 27 d'abril de 2016 (GDPR), per la qual cosa se li facilita la seg\u00fcent informaci\u00f3 del tractament:\n\t\t\t<\/p>\n\t\t\t<p><strong>Fi del tractament:<\/strong> mantenir una relaci\u00f3 comercial i l'enviament de comunicacions sobre els nostres productes i serveis.\n\t\t\t<\/p>\n\t\t\t<p><strong>Criteris de conservaci\u00f3 de les dades:<\/strong> es conservaran mentre hi hagi un inter\u00e8s mutu per mantenir la fi del tractament i quan ja no sigui necessari per a tal fi, es suprimiran amb mesures de seguretat adequades per garantir la seudonimitzaci\u00f3 de les dades o la destrucci\u00f3 total de les mateixes.\n\t\t\t<\/p>\n\t\t\t<p><strong>Comunicaci\u00f3 de les dades:<\/strong> no es comunicaran les dades a tercers, excepte obligaci\u00f3 legal.\n\t\t\t<\/p>\n\t\t\t<p><strong>Drets que assisteixen a l'Usuari:<\/strong>\n\t\t\t<\/p>\n\t\t\t<ul>\n\t\t\t\t<li>\n\t\t\t\t\t<p>Dret a retirar el consentiment en qualsevol moment.\n\t\t\t\t\t<\/p>\n\t\t\t\t<\/li>\n\t\t\t\t<li>\n\t\t\t\t\t<p>Dret d'acc\u00e9s, rectificaci\u00f3, portabilitat i supressi\u00f3 de les seves dades i a la limitaci\u00f3 o oposici\u00f3 al seu tractament.\n\t\t\t\t\t<\/p>\n\t\t\t\t<\/li>\n\t\t\t\t<li>\n\t\t\t\t\t<p>Dret a presentar una reclamaci\u00f3 davant l'Autoritat de control (agpd.es) si considera que el tractament no s'ajusta a la normativa vigent.\n\t\t\t\t\t<\/p>\n\t\t\t\t<\/li>\n\t\t\t<\/ul>\n\t\t\t<p><strong>Dades de contacte per exercir seus drets:<\/strong><br \/>\nAdre\u00e7a postal: SOLDEBRE SCCL, Ctra Raval de Crist S\/N 43500 Tortosa. Correu electr\u00f2nic: info@soldebre.es.\n\t\t\t<\/p>\n\t\t\t<p>Per continuar vost\u00e8 ha d'acceptar que ha llegit i est\u00e0 conforme amb la cl\u00e0usula anterior.\n\t\t\t<\/p>\n\t\t<\/div>\n\t<\/div>\n<\/div>\n<div class=\"contacte-accepto\">\n\t<p><span class=\"wpcf7-form-control-wrap\" data-name=\"your-consent\"><span class=\"wpcf7-form-control wpcf7-acceptance\"><span class=\"wpcf7-list-item\"><label><input type=\"checkbox\" name=\"your-consent\" value=\"1\" aria-invalid=\"false\" \/><span class=\"wpcf7-list-item-label\">He llegit i accepto la <a href=\"https:\/\/www.lamasiademartins.com\/en\/politica-de-ventes-i-devolucions\/\" target=\"_blank\">pol\u00edtica de privacitat<\/a><\/span><\/label><\/span><\/span><\/span>\n\t<\/p>\n<\/div>\n<div class=\"contacte-submit\">\n\t<p><input class=\"wpcf7-form-control wpcf7-submit has-spinner boto-blanc-text-vert\" type=\"submit\" value=\"Submit\" \/>\n\t<\/p>\n<\/div><div class=\"wpcf7-response-output\" aria-hidden=\"true\"><\/div>\n<\/form>\n<\/div>\n[\/et_pb_code][\/et_pb_column][et_pb_column type=&#8221;2_5&#8243; _builder_version=&#8221;4.4.3&#8243;][et_pb_text _builder_version=&#8221;4.6.5&#8243; _module_preset=&#8221;default&#8221;]<\/p>\n<h3>Date of contact:<\/h3>\n<p>Trading name: Soldebre SCCL<br \/>\nFiscal domicile: Ctra Raval de Crist S\/N 43500 Tortosa<br \/>\nTelephone: 977502184<br \/>\nMail of contact: info@soldebre.es[\/et_pb_text][\/et_pb_column][\/et_pb_row][\/et_pb_section][et_pb_section fb_built=&#8221;1&#8243; fullwidth=&#8221;on&#8221; admin_label=&#8221;Mapa&#8221; _builder_version=&#8221;4.4.3&#8243; custom_margin=&#8221;||-8px||false|false&#8221; locked=&#8221;off&#8221;][et_pb_fullwidth_code _builder_version=&#8221;4.6.5&#8243;]<iframe loading=\"lazy\" src=\"https:\/\/www.google.com\/maps\/embed?pb=!1m14!1m8!1m3!1d12079.066150972058!2d0.5076249!3d40.8111238!3m2!1i1024!2i768!4f13.1!3m3!1m2!1s0x0%3A0x7a4de05bad0a8163!2sLa%20Masia%20de%20Martins!5e0!3m2!1ses!2ses!4v1601891100159!5m2!1ses!2ses\" width=\"100%\" height=\"450\" frameborder=\"0\" style=\"border:0;\" allowfullscreen=\"\" aria-hidden=\"false\" tabindex=\"0\"><\/iframe>[\/et_pb_fullwidth_code][\/et_pb_section]<\/p>\n","protected":false},"excerpt":{"rendered":"<p>Contact\n<div class=\"wpcf7 no-js\" id=\"wpcf7-f737-o2\" lang=\"es-ES\" dir=\"ltr\" data-wpcf7-id=\"737\">\n<div class=\"screen-reader-response\"><p role=\"status\" aria-live=\"polite\" aria-atomic=\"true\"><\/p> <ul><\/ul><\/div>\n<form action=\"\/en\/wp-json\/wp\/v2\/pages\/225#wpcf7-f737-o2\" method=\"post\" class=\"wpcf7-form init wpcf7-acceptance-as-validation\" aria-label=\"Formulario de contacto\" novalidate=\"novalidate\" data-status=\"init\">\n<fieldset class=\"hidden-fields-container\"><input type=\"hidden\" name=\"_wpcf7\" value=\"737\" \/><input type=\"hidden\" name=\"_wpcf7_version\" value=\"6.1.5\" \/><input type=\"hidden\" name=\"_wpcf7_locale\" value=\"es_ES\" \/><input type=\"hidden\" name=\"_wpcf7_unit_tag\" value=\"wpcf7-f737-o2\" \/><input type=\"hidden\" name=\"_wpcf7_container_post\" value=\"0\" \/><input type=\"hidden\" name=\"_wpcf7_posted_data_hash\" value=\"\" \/><input type=\"hidden\" name=\"_wpcf7_recaptcha_response\" value=\"\" \/>\n<\/fieldset>\n<div class=\"contacte-col2\">\n\t<div class=\"contacte-nom\">\n\t\t<p><span class=\"wpcf7-form-control-wrap\" data-name=\"Nom\"><input size=\"40\" maxlength=\"400\" class=\"wpcf7-form-control wpcf7-text wpcf7-validates-as-required\" aria-required=\"true\" aria-invalid=\"false\" placeholder=\"Name\" value=\"\" type=\"text\" name=\"Nom\" \/><\/span>\n\t\t<\/p>\n\t<\/div>\n\t<div class=\"contacte-mail\">\n\t\t<p><span class=\"wpcf7-form-control-wrap\" data-name=\"Email\"><input size=\"40\" maxlength=\"400\" class=\"wpcf7-form-control wpcf7-email wpcf7-validates-as-required wpcf7-text wpcf7-validates-as-email\" aria-required=\"true\" aria-invalid=\"false\" placeholder=\"Email\" value=\"\" type=\"email\" name=\"Email\" \/><\/span>\n\t\t<\/p>\n\t<\/div>\n<\/div>\n<div class=\"contacte-text\">\n\t<p><span class=\"wpcf7-form-control-wrap\" data-name=\"Missatge\"><textarea cols=\"40\" rows=\"10\" maxlength=\"2000\" class=\"wpcf7-form-control wpcf7-textarea wpcf7-validates-as-required\" aria-required=\"true\" aria-invalid=\"false\" placeholder=\"Message\" name=\"Missatge\"><\/textarea><\/span>\n\t<\/p>\n<\/div>\n<div style=\"margin-top:20px;margin-bottom:20px;\">\n\t<div class=\"et_pb_module et_pb_toggle et_pb_toggle_0 et_pb_toggle_item et_pb_toggle_close\">\n\t\t<h5 class=\"et_pb_toggle_title consentiment\">Llegeix-ne el consentiment per al tractament de dades personals\n\t\t<\/h5>\n\t\t<div class=\"et_pb_toggle_content clearfix\" style=\"display: none;\">\n\t\t\t<p><strong>SOLDEBRE SCCL<\/strong> \u00e9s el Responsable del tractament de les dades personals de l'Usuari i l'informa que aquestes dades seran tractades de conformitat amb el que disposa el Reglament (UE) 2016\/679 de 27 d'abril de 2016 (GDPR), per la qual cosa se li facilita la seg\u00fcent informaci\u00f3 del tractament:\n\t\t\t<\/p>\n\t\t\t<p><strong>Fi del tractament:<\/strong> mantenir una relaci\u00f3 comercial i l'enviament de comunicacions sobre els nostres productes i serveis.\n\t\t\t<\/p>\n\t\t\t<p><strong>Criteris de conservaci\u00f3 de les dades:<\/strong> es conservaran mentre hi hagi un inter\u00e8s mutu per mantenir la fi del tractament i quan ja no sigui necessari per a tal fi, es suprimiran amb mesures de seguretat adequades per garantir la seudonimitzaci\u00f3 de les dades o la destrucci\u00f3 total de les mateixes.\n\t\t\t<\/p>\n\t\t\t<p><strong>Comunicaci\u00f3 de les dades:<\/strong> no es comunicaran les dades a tercers, excepte obligaci\u00f3 legal.\n\t\t\t<\/p>\n\t\t\t<p><strong>Drets que assisteixen a l'Usuari:<\/strong>\n\t\t\t<\/p>\n\t\t\t<ul>\n\t\t\t\t<li>\n\t\t\t\t\t<p>Dret a retirar el consentiment en qualsevol moment.\n\t\t\t\t\t<\/p>\n\t\t\t\t<\/li>\n\t\t\t\t<li>\n\t\t\t\t\t<p>Dret d'acc\u00e9s, rectificaci\u00f3, portabilitat i supressi\u00f3 de les seves dades i a la limitaci\u00f3 o oposici\u00f3 al seu tractament.\n\t\t\t\t\t<\/p>\n\t\t\t\t<\/li>\n\t\t\t\t<li>\n\t\t\t\t\t<p>Dret a presentar una reclamaci\u00f3 davant l'Autoritat de control (agpd.es) si considera que el tractament no s'ajusta a la normativa vigent.\n\t\t\t\t\t<\/p>\n\t\t\t\t<\/li>\n\t\t\t<\/ul>\n\t\t\t<p><strong>Dades de contacte per exercir seus drets:<\/strong><br \/>\nAdre\u00e7a postal: SOLDEBRE SCCL, Ctra Raval de Crist S\/N 43500 Tortosa. Correu electr\u00f2nic: info@soldebre.es.\n\t\t\t<\/p>\n\t\t\t<p>Per continuar vost\u00e8 ha d'acceptar que ha llegit i est\u00e0 conforme amb la cl\u00e0usula anterior.\n\t\t\t<\/p>\n\t\t<\/div>\n\t<\/div>\n<\/div>\n<div class=\"contacte-accepto\">\n\t<p><span class=\"wpcf7-form-control-wrap\" data-name=\"your-consent\"><span class=\"wpcf7-form-control wpcf7-acceptance\"><span class=\"wpcf7-list-item\"><label><input type=\"checkbox\" name=\"your-consent\" value=\"1\" aria-invalid=\"false\" \/><span class=\"wpcf7-list-item-label\">He llegit i accepto la <a href=\"https:\/\/www.lamasiademartins.com\/en\/politica-de-ventes-i-devolucions\/\" target=\"_blank\">pol\u00edtica de privacitat<\/a><\/span><\/label><\/span><\/span><\/span>\n\t<\/p>\n<\/div>\n<div class=\"contacte-submit\">\n\t<p><input class=\"wpcf7-form-control wpcf7-submit has-spinner boto-blanc-text-vert\" type=\"submit\" value=\"Submit\" \/>\n\t<\/p>\n<\/div><div class=\"wpcf7-response-output\" aria-hidden=\"true\"><\/div>\n<\/form>\n<\/div>\nDate of contact: Trading name: Soldebre SCCL Fiscal domicile: Ctra Raval de Crist S\/N 43500 Tortosa Telephone: 977502184 Mail of contact: info@soldebre.es<\/p>\n","protected":false},"author":127,"featured_media":0,"parent":0,"menu_order":0,"comment_status":"open","ping_status":"open","template":"","meta":{"_et_pb_use_builder":"on","_et_pb_old_content":"","_et_gb_content_width":"","footnotes":""},"class_list":["post-225","page","type-page","status-publish","hentry"],"yoast_head":"<!-- This site is optimized with the Yoast SEO plugin v27.4 - https:\/\/yoast.com\/product\/yoast-seo-wordpress\/ -->\n<title>Contact - T\u00edtulo<\/title>\n<meta name=\"robots\" content=\"index, follow, max-snippet:-1, max-image-preview:large, max-video-preview:-1\" \/>\n<link rel=\"canonical\" href=\"https:\/\/www.lamasiademartins.com\/en\/contact\/\" \/>\n<meta property=\"og:locale\" content=\"en_US\" \/>\n<meta property=\"og:type\" content=\"article\" \/>\n<meta property=\"og:title\" content=\"Contact - T\u00edtulo\" \/>\n<meta property=\"og:description\" content=\"ContactDate of contact: Trading name: Soldebre SCCL Fiscal domicile: Ctra Raval de Crist S\/N 43500 Tortosa Telephone: 977502184 Mail of contact: info@soldebre.es\" \/>\n<meta property=\"og:url\" content=\"https:\/\/www.lamasiademartins.com\/en\/contact\/\" \/>\n<meta property=\"og:site_name\" content=\"T\u00edtulo\" \/>\n<meta property=\"article:publisher\" content=\"https:\/\/es-es.facebook.com\/LaMasiadeMartins\/\" \/>\n<meta property=\"article:modified_time\" content=\"2020-10-05T10:01:29+00:00\" \/>\n<meta name=\"twitter:card\" content=\"summary_large_image\" \/>\n<meta name=\"twitter:site\" content=\"@MasiaMartins\" \/>\n<meta name=\"twitter:label1\" content=\"Est. reading time\" \/>\n\t<meta name=\"twitter:data1\" content=\"1 minute\" \/>\n<script type=\"application\/ld+json\" class=\"yoast-schema-graph\">{\"@context\":\"https:\\\/\\\/schema.org\",\"@graph\":[{\"@type\":\"WebPage\",\"@id\":\"https:\\\/\\\/www.lamasiademartins.com\\\/en\\\/contact\\\/\",\"url\":\"https:\\\/\\\/www.lamasiademartins.com\\\/en\\\/contact\\\/\",\"name\":\"Contact - T\u00edtulo\",\"isPartOf\":{\"@id\":\"https:\\\/\\\/www.lamasiademartins.com\\\/#website\"},\"datePublished\":\"2012-09-03T03:28:15+00:00\",\"dateModified\":\"2020-10-05T10:01:29+00:00\",\"breadcrumb\":{\"@id\":\"https:\\\/\\\/www.lamasiademartins.com\\\/en\\\/contact\\\/#breadcrumb\"},\"inLanguage\":\"en-US\",\"potentialAction\":[{\"@type\":\"ReadAction\",\"target\":[\"https:\\\/\\\/www.lamasiademartins.com\\\/en\\\/contact\\\/\"]}]},{\"@type\":\"BreadcrumbList\",\"@id\":\"https:\\\/\\\/www.lamasiademartins.com\\\/en\\\/contact\\\/#breadcrumb\",\"itemListElement\":[{\"@type\":\"ListItem\",\"position\":1,\"name\":\"Inici\",\"item\":\"https:\\\/\\\/www.lamasiademartins.com\\\/en\\\/home\\\/\"},{\"@type\":\"ListItem\",\"position\":2,\"name\":\"Contact\"}]},{\"@type\":\"WebSite\",\"@id\":\"https:\\\/\\\/www.lamasiademartins.com\\\/#website\",\"url\":\"https:\\\/\\\/www.lamasiademartins.com\\\/\",\"name\":\"T\u00edtulo\",\"description\":\"Otro sitio realizado con WordPress\",\"potentialAction\":[{\"@type\":\"SearchAction\",\"target\":{\"@type\":\"EntryPoint\",\"urlTemplate\":\"https:\\\/\\\/www.lamasiademartins.com\\\/?s={search_term_string}\"},\"query-input\":{\"@type\":\"PropertyValueSpecification\",\"valueRequired\":true,\"valueName\":\"search_term_string\"}}],\"inLanguage\":\"en-US\"}]}<\/script>\n<!-- \/ Yoast SEO plugin. -->","yoast_head_json":{"title":"Contact - T\u00edtulo","robots":{"index":"index","follow":"follow","max-snippet":"max-snippet:-1","max-image-preview":"max-image-preview:large","max-video-preview":"max-video-preview:-1"},"canonical":"https:\/\/www.lamasiademartins.com\/en\/contact\/","og_locale":"en_US","og_type":"article","og_title":"Contact - T\u00edtulo","og_description":"ContactDate of contact: Trading name: Soldebre SCCL Fiscal domicile: Ctra Raval de Crist S\/N 43500 Tortosa Telephone: 977502184 Mail of contact: info@soldebre.es","og_url":"https:\/\/www.lamasiademartins.com\/en\/contact\/","og_site_name":"T\u00edtulo","article_publisher":"https:\/\/es-es.facebook.com\/LaMasiadeMartins\/","article_modified_time":"2020-10-05T10:01:29+00:00","twitter_card":"summary_large_image","twitter_site":"@MasiaMartins","twitter_misc":{"Est. reading time":"1 minute"},"schema":{"@context":"https:\/\/schema.org","@graph":[{"@type":"WebPage","@id":"https:\/\/www.lamasiademartins.com\/en\/contact\/","url":"https:\/\/www.lamasiademartins.com\/en\/contact\/","name":"Contact - T\u00edtulo","isPartOf":{"@id":"https:\/\/www.lamasiademartins.com\/#website"},"datePublished":"2012-09-03T03:28:15+00:00","dateModified":"2020-10-05T10:01:29+00:00","breadcrumb":{"@id":"https:\/\/www.lamasiademartins.com\/en\/contact\/#breadcrumb"},"inLanguage":"en-US","potentialAction":[{"@type":"ReadAction","target":["https:\/\/www.lamasiademartins.com\/en\/contact\/"]}]},{"@type":"BreadcrumbList","@id":"https:\/\/www.lamasiademartins.com\/en\/contact\/#breadcrumb","itemListElement":[{"@type":"ListItem","position":1,"name":"Inici","item":"https:\/\/www.lamasiademartins.com\/en\/home\/"},{"@type":"ListItem","position":2,"name":"Contact"}]},{"@type":"WebSite","@id":"https:\/\/www.lamasiademartins.com\/#website","url":"https:\/\/www.lamasiademartins.com\/","name":"T\u00edtulo","description":"Otro sitio realizado con WordPress","potentialAction":[{"@type":"SearchAction","target":{"@type":"EntryPoint","urlTemplate":"https:\/\/www.lamasiademartins.com\/?s={search_term_string}"},"query-input":{"@type":"PropertyValueSpecification","valueRequired":true,"valueName":"search_term_string"}}],"inLanguage":"en-US"}]}},"_links":{"self":[{"href":"https:\/\/www.lamasiademartins.com\/en\/wp-json\/wp\/v2\/pages\/225","targetHints":{"allow":["GET"]}}],"collection":[{"href":"https:\/\/www.lamasiademartins.com\/en\/wp-json\/wp\/v2\/pages"}],"about":[{"href":"https:\/\/www.lamasiademartins.com\/en\/wp-json\/wp\/v2\/types\/page"}],"author":[{"embeddable":true,"href":"https:\/\/www.lamasiademartins.com\/en\/wp-json\/wp\/v2\/users\/127"}],"replies":[{"embeddable":true,"href":"https:\/\/www.lamasiademartins.com\/en\/wp-json\/wp\/v2\/comments?post=225"}],"version-history":[{"count":5,"href":"https:\/\/www.lamasiademartins.com\/en\/wp-json\/wp\/v2\/pages\/225\/revisions"}],"predecessor-version":[{"id":739,"href":"https:\/\/www.lamasiademartins.com\/en\/wp-json\/wp\/v2\/pages\/225\/revisions\/739"}],"wp:attachment":[{"href":"https:\/\/www.lamasiademartins.com\/en\/wp-json\/wp\/v2\/media?parent=225"}],"curies":[{"name":"wp","href":"https:\/\/api.w.org\/{rel}","templated":true}]}}